{"id":201,"date":"2010-06-17T15:50:48","date_gmt":"2010-06-17T19:50:48","guid":{"rendered":"http:\/\/insects.nature4stock.com\/?page_id=201"},"modified":"2010-06-17T15:50:48","modified_gmt":"2010-06-17T19:50:48","slug":"pseudotrematodes-frivaldszkyi-menetries-1836","status":"publish","type":"page","link":"http:\/\/insects.nature4stock.com\/?page_id=201","title":{"rendered":"<i>Pseudotrematodes frivaldszkyi<\/i> (M\u00e9n\u00e9tri\u00e8s, 1836)"},"content":{"rendered":"<p>Family:\u00a0<strong><a href=\"http:\/\/insects.nature4stock.com\/?page_id=60\" target=\"_self\">Melolonthidae<\/a><\/strong><br \/>\nGenus:\u00a0<em>Pseudotrematodes<\/em><br \/>\nSpecies:\u00a0<em>frivaldszkyi<\/em><\/p>\n<ul>\n<li>x<\/li>\n<li>x<\/li>\n<li>x<\/li>\n<li>ID by Marco Uliana\u00a0(Italy), see\u00a0<a href=\"http:\/\/www.entomologiitaliani.net\/public\/forum\/phpBB3\/viewtopic.php?f=11&amp;t=8342&amp;start=0\" target=\"_blank\">here<\/a><\/li>\n<\/ul>\n\n\t\t<style type=\"text\/css\">\n\t\t\t#gallery-1 {\n\t\t\t\tmargin: auto;\n\t\t\t}\n\t\t\t#gallery-1 .gallery-item {\n\t\t\t\tfloat: left;\n\t\t\t\tmargin-top: 10px;\n\t\t\t\ttext-align: center;\n\t\t\t\twidth: 33%;\n\t\t\t}\n\t\t\t#gallery-1 img {\n\t\t\t\tborder: 2px solid #cfcfcf;\n\t\t\t}\n\t\t\t#gallery-1 .gallery-caption {\n\t\t\t\tmargin-left: 0;\n\t\t\t}\n\t\t\t\/* see gallery_shortcode() in wp-includes\/media.php *\/\n\t\t<\/style>\n\t\t<div id='gallery-1' class='gallery galleryid-201 gallery-columns-3 gallery-size-thumbnail'><dl class='gallery-item'>\n\t\t\t<dt class='gallery-icon landscape'>\n\t\t\t\t<a href='http:\/\/insects.nature4stock.com\/wp-content\/uploads\/2010\/06\/undetIMG_8400.jpg'><img loading=\"lazy\" decoding=\"async\" width=\"150\" height=\"150\" src=\"http:\/\/insects.nature4stock.com\/wp-content\/uploads\/2010\/06\/undetIMG_8400-150x150.jpg\" class=\"attachment-thumbnail size-thumbnail\" alt=\"\" \/><\/a>\n\t\t\t<\/dt><\/dl><dl class='gallery-item'>\n\t\t\t<dt class='gallery-icon landscape'>\n\t\t\t\t<a href='http:\/\/insects.nature4stock.com\/wp-content\/uploads\/2010\/06\/undetIMG_8401.jpg'><img loading=\"lazy\" decoding=\"async\" width=\"150\" height=\"150\" src=\"http:\/\/insects.nature4stock.com\/wp-content\/uploads\/2010\/06\/undetIMG_8401-150x150.jpg\" class=\"attachment-thumbnail size-thumbnail\" alt=\"\" \/><\/a>\n\t\t\t<\/dt><\/dl><dl class='gallery-item'>\n\t\t\t<dt class='gallery-icon landscape'>\n\t\t\t\t<a href='http:\/\/insects.nature4stock.com\/wp-content\/uploads\/2010\/06\/undetIMG_8406.jpg'><img loading=\"lazy\" decoding=\"async\" width=\"150\" height=\"150\" src=\"http:\/\/insects.nature4stock.com\/wp-content\/uploads\/2010\/06\/undetIMG_8406-150x150.jpg\" class=\"attachment-thumbnail size-thumbnail\" alt=\"\" \/><\/a>\n\t\t\t<\/dt><\/dl><br style=\"clear: both\" \/>\n\t\t<\/div>\n\n<!-- AddThis Advanced Settings generic via filter on the_content --><!-- AddThis Share Buttons generic via filter on the_content -->","protected":false},"excerpt":{"rendered":"<p>Family:\u00a0Melolonthidae Genus:\u00a0Pseudotrematodes Species:\u00a0frivaldszkyi x x x ID by Marco Uliana\u00a0(Italy), see\u00a0here<!-- AddThis Advanced Settings generic via filter on wp_trim_excerpt --><!-- AddThis Share Buttons generic via filter on wp_trim_excerpt --><\/p>\n","protected":false},"author":2,"featured_media":0,"parent":60,"menu_order":0,"comment_status":"open","ping_status":"open","template":"","meta":{"footnotes":""},"categories":[1],"tags":[],"_links":{"self":[{"href":"http:\/\/insects.nature4stock.com\/index.php?rest_route=\/wp\/v2\/pages\/201"}],"collection":[{"href":"http:\/\/insects.nature4stock.com\/index.php?rest_route=\/wp\/v2\/pages"}],"about":[{"href":"http:\/\/insects.nature4stock.com\/index.php?rest_route=\/wp\/v2\/types\/page"}],"author":[{"embeddable":true,"href":"http:\/\/insects.nature4stock.com\/index.php?rest_route=\/wp\/v2\/users\/2"}],"replies":[{"embeddable":true,"href":"http:\/\/insects.nature4stock.com\/index.php?rest_route=%2Fwp%2Fv2%2Fcomments&post=201"}],"version-history":[{"count":1,"href":"http:\/\/insects.nature4stock.com\/index.php?rest_route=\/wp\/v2\/pages\/201\/revisions"}],"predecessor-version":[{"id":205,"href":"http:\/\/insects.nature4stock.com\/index.php?rest_route=\/wp\/v2\/pages\/201\/revisions\/205"}],"up":[{"embeddable":true,"href":"http:\/\/insects.nature4stock.com\/index.php?rest_route=\/wp\/v2\/pages\/60"}],"wp:attachment":[{"href":"http:\/\/insects.nature4stock.com\/index.php?rest_route=%2Fwp%2Fv2%2Fmedia&parent=201"}],"wp:term":[{"taxonomy":"category","embeddable":true,"href":"http:\/\/insects.nature4stock.com\/index.php?rest_route=%2Fwp%2Fv2%2Fcategories&post=201"},{"taxonomy":"post_tag","embeddable":true,"href":"http:\/\/insects.nature4stock.com\/index.php?rest_route=%2Fwp%2Fv2%2Ftags&post=201"}],"curies":[{"name":"wp","href":"https:\/\/api.w.org\/{rel}","templated":true}]}}